{"id":17,"date":"2025-02-05T14:58:04","date_gmt":"2025-02-05T13:58:04","guid":{"rendered":"https:\/\/mc-securite.fr\/?page_id=17"},"modified":"2025-02-05T14:58:04","modified_gmt":"2025-02-05T13:58:04","slug":"qui-somme-nous","status":"publish","type":"page","link":"https:\/\/mc-securite.fr\/index.php\/qui-somme-nous\/","title":{"rendered":"Qui Somme Nous"},"content":{"rendered":"\n<p><strong>MC-SECURITE<\/strong>, situ\u00e9e en <strong>\u00cele-de-France<\/strong>, est une agence de s\u00e9curit\u00e9 priv\u00e9e sp\u00e9cialis\u00e9e dans la protection et la surveillance pour les particuliers, est une agence de s\u00e9curit\u00e9 priv\u00e9e sp\u00e9cialis\u00e9e dans la protection et la surveillance pour les particuliers et les professionnels. Nous offrons des solutions adapt\u00e9es aux besoins sp\u00e9cifiques de nos clients, telles que la surveillance de sites, la protection rapproch\u00e9e, le gardiennage, le contr\u00f4le d\u2019acc\u00e8s, la s\u00e9curit\u00e9 \u00e9v\u00e9nementielle et la s\u00e9curisation de sites industriels ou commerciaux. Gr\u00e2ce \u00e0 notre expertise, nous garantissons s\u00e9r\u00e9nit\u00e9 et protection \u00e0 ceux qui nous font confiance.<\/p>\n\n\n\n<p>En faisant appel \u00e0 <strong>MC-SECURITE<\/strong>, vous b\u00e9n\u00e9ficiez d\u2019une \u00e9quipe de professionnels qualifi\u00e9s et exp\u00e9riment\u00e9s, engag\u00e9s dans la s\u00e9curit\u00e9 de vos biens et de vos proches. Nos agents sont rigoureusement s\u00e9lectionn\u00e9s, suivent une formation sp\u00e9cialis\u00e9e et poss\u00e8dent toutes les certifications requises. Ils respectent un code de d\u00e9ontologie strict et adoptent une conduite professionnelle irr\u00e9prochable pour assurer un service de haute qualit\u00e9.<\/p>\n\n\n\n<p>Les prestations de <strong>MC-SECURITE<\/strong> sont enti\u00e8rement personnalis\u00e9es afin de r\u00e9pondre aux exigences et aux contraintes de chaque client. Nous analysons les risques sp\u00e9cifiques \u00e0 chaque situation pour concevoir une strat\u00e9gie de s\u00e9curit\u00e9 sur mesure. Celle-ci peut inclure l\u2019installation de syst\u00e8mes de surveillance \u00e9lectronique, des rondes de contr\u00f4le, la gestion des alarmes ou encore une coordination efficace avec les forces de l\u2019ordre en cas d\u2019incident.<\/p>\n\n\n\n<p><\/p>\n","protected":false},"excerpt":{"rendered":"<p>MC-SECURITE, situ\u00e9e en \u00cele-de-France, est une agence de s\u00e9curit\u00e9 priv\u00e9e sp\u00e9cialis\u00e9e dans la protection et la surveillance pour les particuliers, est une agence de s\u00e9curit\u00e9 priv\u00e9e sp\u00e9cialis\u00e9e dans la protection et la surveillance pour les particuliers et les professionnels. Nous offrons des solutions adapt\u00e9es aux besoins sp\u00e9cifiques de nos clients, telles que la surveillance de [&hellip;]<\/p>\n","protected":false},"author":1,"featured_media":0,"parent":0,"menu_order":0,"comment_status":"closed","ping_status":"closed","template":"","meta":{"footnotes":""},"class_list":["post-17","page","type-page","status-publish","hentry"],"_links":{"self":[{"href":"https:\/\/mc-securite.fr\/index.php\/wp-json\/wp\/v2\/pages\/17","targetHints":{"allow":["GET"]}}],"collection":[{"href":"https:\/\/mc-securite.fr\/index.php\/wp-json\/wp\/v2\/pages"}],"about":[{"href":"https:\/\/mc-securite.fr\/index.php\/wp-json\/wp\/v2\/types\/page"}],"author":[{"embeddable":true,"href":"https:\/\/mc-securite.fr\/index.php\/wp-json\/wp\/v2\/users\/1"}],"replies":[{"embeddable":true,"href":"https:\/\/mc-securite.fr\/index.php\/wp-json\/wp\/v2\/comments?post=17"}],"version-history":[{"count":1,"href":"https:\/\/mc-securite.fr\/index.php\/wp-json\/wp\/v2\/pages\/17\/revisions"}],"predecessor-version":[{"id":27,"href":"https:\/\/mc-securite.fr\/index.php\/wp-json\/wp\/v2\/pages\/17\/revisions\/27"}],"wp:attachment":[{"href":"https:\/\/mc-securite.fr\/index.php\/wp-json\/wp\/v2\/media?parent=17"}],"curies":[{"name":"wp","href":"https:\/\/api.w.org\/{rel}","templated":true}]}}