{"id":64,"date":"2025-02-05T16:12:44","date_gmt":"2025-02-05T15:12:44","guid":{"rendered":"https:\/\/mc-securite.fr\/?page_id=64"},"modified":"2025-02-05T16:12:44","modified_gmt":"2025-02-05T15:12:44","slug":"maitre-chien","status":"publish","type":"page","link":"https:\/\/mc-securite.fr\/index.php\/maitre-chien\/","title":{"rendered":"Ma\u00eetre-chien"},"content":{"rendered":"\n<p>Un ma\u00eetre-chien est un professionnel form\u00e9 pour travailler avec un chien dans le cadre de missions de s\u00e9curit\u00e9, de d\u00e9tection ou de secours. Son r\u00f4le consiste \u00e0 entra\u00eener et \u00e0 diriger son animal afin de prot\u00e9ger des personnes et des biens, rep\u00e9rer des substances interdites comme les drogues ou les explosifs, ou encore intervenir lors de situations d\u2019urgence, notamment en cas de catastrophes naturelles. Les ma\u00eetres-chiens exercent dans divers domaines, allant de la s\u00e9curit\u00e9 priv\u00e9e aux interventions de sauvetage.<\/p>\n\n\n\n<h3 class=\"wp-block-heading\">Quand faire appel \u00e0 un ma\u00eetre-chien ?<\/h3>\n\n\n\n<p>Le recours \u00e0 un ma\u00eetre-chien est recommand\u00e9 dans plusieurs contextes, notamment pour s\u00e9curiser des sites sensibles tels que les centrales nucl\u00e9aires, les prisons ou les \u00e9v\u00e9nements publics. Il est \u00e9galement essentiel pour la d\u00e9tection de substances interdites dans les a\u00e9roports, les gares ou d\u2019autres zones \u00e0 risque. Gr\u00e2ce \u00e0 leur formation sp\u00e9cifique, ma\u00eetres et chiens sont capables d\u2019anticiper et de r\u00e9agir rapidement \u00e0 d\u2019\u00e9ventuels incidents.<\/p>\n\n\n\n<h3 class=\"wp-block-heading\">Les avantages d\u2019un ma\u00eetre-chien<\/h3>\n\n\n\n<p>L\u2019utilisation d\u2019un ma\u00eetre-chien offre plusieurs atouts. Tout d\u2019abord, le chien poss\u00e8de des capacit\u00e9s de d\u00e9tection sup\u00e9rieures aux \u00e9quipements classiques comme les d\u00e9tecteurs de m\u00e9taux. Sa seule pr\u00e9sence constitue un \u00e9l\u00e9ment dissuasif face aux comportements malveillants, renfor\u00e7ant ainsi la pr\u00e9vention des risques. Enfin, en cas de danger, l\u2019intervention rapide et efficace du duo ma\u00eetre-chien permet de ma\u00eetriser la situation avant qu\u2019elle ne d\u00e9g\u00e9n\u00e8re.<\/p>\n\n\n\n<h3 class=\"wp-block-heading\">Pourquoi faire appel \u00e0 une entreprise sp\u00e9cialis\u00e9e ?<\/h3>\n\n\n\n<p>Confier la gestion de la s\u00e9curit\u00e9 \u00e0 une entreprise sp\u00e9cialis\u00e9e en ma\u00eetres-chiens pr\u00e9sente de nombreux b\u00e9n\u00e9fices. Ces soci\u00e9t\u00e9s disposent de professionnels qualifi\u00e9s, accompagn\u00e9s de chiens rigoureusement s\u00e9lectionn\u00e9s et entra\u00een\u00e9s pour r\u00e9pondre aux exigences des missions. Elles assurent \u00e9galement la formation continue des \u00e9quipes et le renouvellement du mat\u00e9riel pour une efficacit\u00e9 optimale. Enfin, en d\u00e9l\u00e9guant cette responsabilit\u00e9 \u00e0 des experts, les clients peuvent se concentrer sur leur activit\u00e9 principale en toute s\u00e9r\u00e9nit\u00e9.<\/p>\n","protected":false},"excerpt":{"rendered":"<p>Un ma\u00eetre-chien est un professionnel form\u00e9 pour travailler avec un chien dans le cadre de missions de s\u00e9curit\u00e9, de d\u00e9tection ou de secours. Son r\u00f4le consiste \u00e0 entra\u00eener et \u00e0 diriger son animal afin de prot\u00e9ger des personnes et des biens, rep\u00e9rer des substances interdites comme les drogues ou les explosifs, ou encore intervenir lors [&hellip;]<\/p>\n","protected":false},"author":1,"featured_media":0,"parent":0,"menu_order":0,"comment_status":"closed","ping_status":"closed","template":"","meta":{"footnotes":""},"class_list":["post-64","page","type-page","status-publish","hentry"],"_links":{"self":[{"href":"https:\/\/mc-securite.fr\/index.php\/wp-json\/wp\/v2\/pages\/64","targetHints":{"allow":["GET"]}}],"collection":[{"href":"https:\/\/mc-securite.fr\/index.php\/wp-json\/wp\/v2\/pages"}],"about":[{"href":"https:\/\/mc-securite.fr\/index.php\/wp-json\/wp\/v2\/types\/page"}],"author":[{"embeddable":true,"href":"https:\/\/mc-securite.fr\/index.php\/wp-json\/wp\/v2\/users\/1"}],"replies":[{"embeddable":true,"href":"https:\/\/mc-securite.fr\/index.php\/wp-json\/wp\/v2\/comments?post=64"}],"version-history":[{"count":1,"href":"https:\/\/mc-securite.fr\/index.php\/wp-json\/wp\/v2\/pages\/64\/revisions"}],"predecessor-version":[{"id":65,"href":"https:\/\/mc-securite.fr\/index.php\/wp-json\/wp\/v2\/pages\/64\/revisions\/65"}],"wp:attachment":[{"href":"https:\/\/mc-securite.fr\/index.php\/wp-json\/wp\/v2\/media?parent=64"}],"curies":[{"name":"wp","href":"https:\/\/api.w.org\/{rel}","templated":true}]}}