{"id":68,"date":"2025-02-05T16:18:58","date_gmt":"2025-02-05T15:18:58","guid":{"rendered":"https:\/\/mc-securite.fr\/?page_id=68"},"modified":"2025-02-05T16:18:58","modified_gmt":"2025-02-05T15:18:58","slug":"agent-de-securite","status":"publish","type":"page","link":"https:\/\/mc-securite.fr\/index.php\/agent-de-securite\/","title":{"rendered":"Agent de s\u00e9curit\u00e9"},"content":{"rendered":"\n<h3 class=\"wp-block-heading\">Qu\u2019est-ce qu\u2019un agent de s\u00e9curit\u00e9 ?<\/h3>\n\n\n\n<p>Un agent de s\u00e9curit\u00e9 est un professionnel dont la mission est d\u2019assurer la protection des personnes, des biens et des infrastructures. Il est form\u00e9 pour identifier les menaces potentielles, pr\u00e9venir les incidents et intervenir en cas de probl\u00e8me. Ses missions varient en fonction des besoins : s\u00e9curit\u00e9 \u00e9v\u00e9nementielle, surveillance de sites industriels, s\u00e9curit\u00e9 incendie ou encore protection rapproch\u00e9e.<\/p>\n\n\n\n<h3 class=\"wp-block-heading\">Quand faire appel \u00e0 un agent de s\u00e9curit\u00e9 ?<\/h3>\n\n\n\n<p>Le recours \u00e0 un agent de s\u00e9curit\u00e9 est recommand\u00e9 d\u00e8s lors qu\u2019il y a un risque pour la s\u00fbret\u00e9 des personnes ou des biens. Par exemple, lors d\u2019\u00e9v\u00e9nements publics, il veille \u00e0 la protection des participants et \u00e0 la gestion des acc\u00e8s. Dans un cadre professionnel, il s\u00e9curise les locaux et le mat\u00e9riel contre les intrusions ou les vols. En situation d\u2019urgence, son r\u00f4le est d\u2019intervenir rapidement pour limiter les dommages et garantir la s\u00e9curit\u00e9 de tous.<\/p>\n\n\n\n<h3 class=\"wp-block-heading\">Quels sont les avantages d\u2019un agent de s\u00e9curit\u00e9 ?<\/h3>\n\n\n\n<p>Faire appel \u00e0 un agent de s\u00e9curit\u00e9 pr\u00e9sente plusieurs atouts. Gr\u00e2ce \u00e0 sa formation, il est capable de d\u00e9tecter et de g\u00e9rer efficacement les risques, ce qui permet de pr\u00e9venir les incidents avant qu\u2019ils ne surviennent. Sa pr\u00e9sence dissuasive contribue \u00e9galement \u00e0 renforcer la tranquillit\u00e9 des occupants et \u00e0 instaurer un climat de confiance. Enfin, son intervention rapide en cas de probl\u00e8me aide \u00e0 limiter les pertes mat\u00e9rielles et les perturbations d\u2019activit\u00e9.<\/p>\n\n\n\n<h3 class=\"wp-block-heading\">Pourquoi faire appel \u00e0 une entreprise sp\u00e9cialis\u00e9e ?<\/h3>\n\n\n\n<p>Confier la s\u00e9curit\u00e9 \u00e0 une entreprise sp\u00e9cialis\u00e9e offre de nombreux b\u00e9n\u00e9fices. Ces soci\u00e9t\u00e9s disposent d\u2019une expertise approfondie et proposent des solutions adapt\u00e9es aux besoins sp\u00e9cifiques de chaque client. Elles recrutent et forment des agents qualifi\u00e9s, dot\u00e9s d\u2019\u00e9quipements modernes pour assurer un service optimal. En d\u00e9l\u00e9guant cette mission \u00e0 des professionnels, les entreprises et organisateurs peuvent ainsi se concentrer sur leur activit\u00e9 en toute s\u00e9r\u00e9nit\u00e9.<\/p>\n","protected":false},"excerpt":{"rendered":"<p>Qu\u2019est-ce qu\u2019un agent de s\u00e9curit\u00e9 ? Un agent de s\u00e9curit\u00e9 est un professionnel dont la mission est d\u2019assurer la protection des personnes, des biens et des infrastructures. Il est form\u00e9 pour identifier les menaces potentielles, pr\u00e9venir les incidents et intervenir en cas de probl\u00e8me. Ses missions varient en fonction des besoins : s\u00e9curit\u00e9 \u00e9v\u00e9nementielle, surveillance [&hellip;]<\/p>\n","protected":false},"author":1,"featured_media":0,"parent":0,"menu_order":0,"comment_status":"closed","ping_status":"closed","template":"","meta":{"footnotes":""},"class_list":["post-68","page","type-page","status-publish","hentry"],"_links":{"self":[{"href":"https:\/\/mc-securite.fr\/index.php\/wp-json\/wp\/v2\/pages\/68","targetHints":{"allow":["GET"]}}],"collection":[{"href":"https:\/\/mc-securite.fr\/index.php\/wp-json\/wp\/v2\/pages"}],"about":[{"href":"https:\/\/mc-securite.fr\/index.php\/wp-json\/wp\/v2\/types\/page"}],"author":[{"embeddable":true,"href":"https:\/\/mc-securite.fr\/index.php\/wp-json\/wp\/v2\/users\/1"}],"replies":[{"embeddable":true,"href":"https:\/\/mc-securite.fr\/index.php\/wp-json\/wp\/v2\/comments?post=68"}],"version-history":[{"count":1,"href":"https:\/\/mc-securite.fr\/index.php\/wp-json\/wp\/v2\/pages\/68\/revisions"}],"predecessor-version":[{"id":69,"href":"https:\/\/mc-securite.fr\/index.php\/wp-json\/wp\/v2\/pages\/68\/revisions\/69"}],"wp:attachment":[{"href":"https:\/\/mc-securite.fr\/index.php\/wp-json\/wp\/v2\/media?parent=68"}],"curies":[{"name":"wp","href":"https:\/\/api.w.org\/{rel}","templated":true}]}}